{"id":3834,"date":"2016-06-23T10:55:37","date_gmt":"2016-06-23T08:55:37","guid":{"rendered":"http:\/\/www.geuer.de\/en\/?page_id=3834"},"modified":"2021-08-20T13:44:01","modified_gmt":"2021-08-20T11:44:01","slug":"referenzen-von-a-z","status":"publish","type":"page","link":"https:\/\/www.geuer.de\/en\/references\/referenzen-von-a-z\/","title":{"rendered":"References  A-Z"},"content":{"rendered":"\t\t<div data-elementor-type=\"wp-page\" data-elementor-id=\"3834\" class=\"elementor elementor-3834 elementor-2203\" data-elementor-post-type=\"page\">\n\t\t\t\t\t\t<section class=\"elementor-section elementor-top-section elementor-element elementor-element-677442e8 elementor-section-boxed elementor-section-height-default elementor-section-height-default\" data-id=\"677442e8\" data-element_type=\"section\" data-e-type=\"section\" data-settings=\"{&quot;jet_parallax_layout_list&quot;:[{&quot;jet_parallax_layout_image&quot;:{&quot;url&quot;:&quot;&quot;,&quot;id&quot;:&quot;&quot;,&quot;size&quot;:&quot;&quot;},&quot;_id&quot;:&quot;a3a497a&quot;,&quot;jet_parallax_layout_image_tablet&quot;:{&quot;url&quot;:&quot;&quot;,&quot;id&quot;:&quot;&quot;,&quot;size&quot;:&quot;&quot;},&quot;jet_parallax_layout_image_mobile&quot;:{&quot;url&quot;:&quot;&quot;,&quot;id&quot;:&quot;&quot;,&quot;size&quot;:&quot;&quot;},&quot;jet_parallax_layout_speed&quot;:{&quot;unit&quot;:&quot;%&quot;,&quot;size&quot;:50,&quot;sizes&quot;:[]},&quot;jet_parallax_layout_type&quot;:&quot;scroll&quot;,&quot;jet_parallax_layout_direction&quot;:&quot;1&quot;,&quot;jet_parallax_layout_fx_direction&quot;:null,&quot;jet_parallax_layout_z_index&quot;:&quot;&quot;,&quot;jet_parallax_layout_bg_x&quot;:50,&quot;jet_parallax_layout_bg_x_tablet&quot;:&quot;&quot;,&quot;jet_parallax_layout_bg_x_mobile&quot;:&quot;&quot;,&quot;jet_parallax_layout_bg_y&quot;:50,&quot;jet_parallax_layout_bg_y_tablet&quot;:&quot;&quot;,&quot;jet_parallax_layout_bg_y_mobile&quot;:&quot;&quot;,&quot;jet_parallax_layout_bg_size&quot;:&quot;auto&quot;,&quot;jet_parallax_layout_bg_size_tablet&quot;:&quot;&quot;,&quot;jet_parallax_layout_bg_size_mobile&quot;:&quot;&quot;,&quot;jet_parallax_layout_animation_prop&quot;:&quot;transform&quot;,&quot;jet_parallax_layout_on&quot;:[&quot;desktop&quot;,&quot;tablet&quot;]}]}\">\n\t\t\t\t\t\t<div class=\"elementor-container elementor-column-gap-default\">\n\t\t\t\t\t<div class=\"elementor-column elementor-col-100 elementor-top-column elementor-element elementor-element-582d3b38\" data-id=\"582d3b38\" data-element_type=\"column\" data-e-type=\"column\">\n\t\t\t<div class=\"elementor-widget-wrap elementor-element-populated\">\n\t\t\t\t\t\t<div class=\"elementor-element elementor-element-5969f00c elementor-widget elementor-widget-text-editor\" data-id=\"5969f00c\" data-element_type=\"widget\" data-e-type=\"widget\" data-widget_type=\"text-editor.default\">\n\t\t\t\t<div class=\"elementor-widget-container\">\n\t\t\t\t\t\t\t\t\t<h1>References from A &#8211; Z.<\/h1><h4>Laboratories, Companies and Administration.<\/h4><p>ALDI\u00a0Immobilienverwaltung GmbH &amp; Co. KG, Herten<br \/>ALDI EINKAUF GmbH &amp; Co. OHG,\u00a0Essen<br \/>Bundesinstitut f\u00fcr Risikobewertung, Berlin<br \/>Commerzbank International,\u00a0Luxemburg<br \/>Finanz\u00a0Informatik GmbH &amp; Co. KG, M\u00fcnster<br \/>HOCHTIEF Solutions AG, D\u00fcsseldorf<br \/>Immobilien\u00a0Scout GmbH, Berlin<br \/>Max-Planck-Institut\u00a0f\u00fcr Sonnensystemforschung, G\u00f6ttingen<br \/>Miele &amp; Cie. KG,\u00a0G\u00fctersloh<br \/>Ratiodata GmbH, M\u00fcnster &#8211; Duisburg<br \/>Sparda-Bank M\u00fcnster\u00a0eG<br \/>Stadtwerke\u00a0Essen AG<br \/>Unity Media\u00a0GmbH, K\u00f6ln-Bonn-Frankfurt<br \/>Universit\u00e4t Regensburg<\/p><p>Administration de la Gestion de l&#8217;eau, LU-Esch-sur-Alzette<br \/>AIMS Scientific Products GmbH, Wolfenb\u00fcttel<br \/>AIR LIQUIDE Forschung und Entwicklung GmbH, Frankfurt a. M.<br \/>Analytis Ges. f\u00fcr Laboruntersuchungen mbH, K\u00f6ln<br \/>AQura GmbH, Marl<br \/>Atotech Deutschland GmbH, Berlin<br \/>BAM Bundesanstalt f\u00fcr Materialforschung und -pr\u00fcfung, Berlin<br \/>BASF SE, Ludwigshafen<br \/>Bioscientia Institut f\u00fcr Medizinische Diagnostik GmbH, Ingelheim<br \/>BOLDER Arzneimittel GmbH &amp; Co. KG, K\u00f6ln<br \/>BP Europa SE, M\u00f6nchengladbach<br \/>Bundesinstitut f\u00fcr Risikobewertung, Berlin<br \/>Chemisches und Veterin\u00e4runtersuchungsamt Sigmaringen, Sigmaringen<br \/>Chemisches und Veterin\u00e4runtersuchungsamt M\u00fcnsterland-Emscher-Lippe, M\u00fcnster<br \/>Chemisches und Veterin\u00e4runtersuchungsamt Ostwestfalen-Lippe, Detmold<br \/>Chemisches und Veterin\u00e4runtersuchungsamt Rhein-Ruhr-Wuppertal, Krefeld<br \/>Clariant Produkte Deutschland GmbH, M\u00fcnchen\/Planegg<br \/>Clariant Produkte GmbH, Frankfurt a. M.<br \/>CSL Behring GmbH, Marburg<br \/>Cytonet GmbH &amp; Co.KG, Heidelberg<br \/>DIFK &#8211; Deutsches Institut f\u00fcr Feuerfest und Keramik GmbH, H\u00f6hr-Grenzhausen<br \/>ESBATech,CH-Z\u00fcrich<br \/>Eurofins Analytik GmbH, Hamburg<br \/>Eurofins ERGO GmbH,Hamburg<br \/>Eurofins GfA Lab Service GmbH, Hamburg<br \/>Eurofins Institut Dr. Appelt Leipzig GmbH, Leipzig<br \/>Eurofins Umwelt West GmbH, Wesseling<br \/>Evonik Degussa GmbH, Marl<br \/>F. Hoffmann-La Roche AG, CH-Basel<br \/>Fachhochschule Aachen Campus J\u00fclich, J\u00fclich<br \/>Fraunhofer ITEM, Braunschweig<br \/>Fraunhofer-Einrichtung f\u00fcr Marine Biotechnologie (EMB), L\u00fcbeck<br \/>FuMA-Tech Ges. f\u00fcr funktionelle Membranen und Anlagentechnologie mbH, Bietigheim-Bissingen<br \/>GBA Gesellschaft f\u00fcr Bioanalytik Hamburg mbH, Hamburg<br \/>GBA Gesellschaft f\u00fcr Bioanalytik mbH, Gelsenkirchen<br \/>GERSTEL GmbH &amp; Co. KG, M\u00fclheim an der Ruhr<br \/>GSA Gesellschaft f\u00fcr Schadstoffanalytik mbH, Ratingen<br \/>Hansecontrol Group, Hamburg<br \/>Hertz &amp; Selck GmbH &amp; Co., Hamburg<br \/>Houghton Deutschland GmbH, Dortmund<br \/>IBACON (Institut f\u00fcr biologische Analytik und Consulting, Ro\u00dfdorf<br \/>Institut f\u00fcr Biologie und Biotechnologie, M\u00fcnster<br \/>Institut f\u00fcr Pharmazeutische und Medizinische Chemie, M\u00fcnster<br \/>Institut f\u00fcr Physiologie, M\u00fcnster<br \/>Intelligent Medical Implants GmbH, Bonn<br \/>Justus-Liebig-Universit\u00e4t, Gie\u00dfen<br \/>K + S Analytik- und Forschungszentrum, Unterbreizbach<br \/>Kemira Germany Sales GmbH, K\u00f6ln<br \/>Laboratoire National de Sant\u00e9, LU-Dudelange<br \/>Landesamt f\u00fcr Soziales, Gesundheit und Verbraucherschutz, Saarbr\u00fccken<br \/>Landesamt f\u00fcr Verbraucherschutz Sachsen-Anhalt, Magdeburg<br \/>Landeskriminalamt Brandenburg, Eberswalde<br \/>Lead Discovery Center GmbH, Dortmund<br \/>Lehr- und Versuchsgesellschaft f\u00fcr innovative Hygienetechnik mbH, M\u00fclheim a.d.R.<br \/>Leibniz Universit\u00e4t Hannover, Institut f\u00fcr Lebensmittelchemie, Hannover<br \/>Leibniz-Institut f\u00fcr Analytische Wissenschaften -ISAS- e.V., Dortmund<br \/>Leibniz-Universit\u00e4t-Hannover, Institut f\u00fcr Botanik, Hannover<br \/>LHI Luxembourg Institute of Health (ehemals CRP-Sant\u00e9), LU-Luxembourg<br \/>Martin-Luther-Universit\u00e4t Halle-Wittenberg, Halle an der Saale<br \/>Max Rubner-Institut, Bundesforschungsinstitut f\u00fcr Ern\u00e4hrung und Lebensmittel, Detmold<br \/>Max-Planck-Institut f\u00fcr Biologie des Alterns, K\u00f6ln<br \/>Max-Planck-Institut f\u00fcr Sonnensystemforschung, G\u00f6ttingen<br \/>Merck KGaA, Darmstadt<br \/>MLM Medical Labs GmbH, M\u00f6nchengladbach<br \/>MVZ Clotten Labor Dr. Haas, Dr. Raif &amp; Kollegen, Freiburg<br \/>NewLab BioQuality AG (heute Charles River Inc.)., K\u00f6ln<br \/>Novartis Vaccines and Diagnostics GmbH, Marburg<br \/>Olympus Soft Imaging Solutions GmbH, M\u00fcnster<br \/>Orion Engineered Carbons GmbH, K\u00f6ln<br \/>Philipps-Universit\u00e4t, LOEWE Zentrum f\u00fcr Synthetische Mikrobiologie, Marburg<br \/>QIAGEN GmbH, Hilden<br \/>Rheinische Kliniken Essen, Labor f\u00fcr Molekulare Neurobiologie, Essen<br \/>Richter-Helm BioLogics GmbH &amp; Co. KG, Hamburg<br \/>Ruhr-Universit\u00e4t Bochum, Experimentelle Pneumologie, Bochum<br \/>Saint Gobain Rigips GmbH,, Ladenburg<br \/>SGS Germany GmbH, Hamburg<br \/>Solvias AG, CH-Kaiseraugst<br \/>Technische Hochschule Ingolstadt, Ingolstadt<br \/>Thales Deutschland GmbH, Ditzingen<br \/>Troy Chemie GmbH, Hannover<br \/>TZD TechnologieZentrumDortmund Management GmbH, Dortmund<br \/>UCL Umwelt Control Labor GmbH, L\u00fcnen<br \/>Universit\u00e4t Bielefeld, Centrum f\u00fcr Biotechnologie, Bielefeld<br \/>Universit\u00e4t Hamburg, Biozentrum Klein Flottbek, Hamburg<br \/>Universit\u00e4t Luxemburg, LCSB Luxembourg Centre for Systems Biomedicine, Luxemburg<br \/>Versuchsanstalt der Hefeindustrie e.V., Berlin<\/p><h4>Hochschulen<\/h4><p>Fachhochschule Aachen Campus J\u00fclich, J\u00fclich<br \/>Institut f\u00fcr Biologie und Biotechnologie, M\u00fcnster<br \/>Institut f\u00fcr Pharmazeutische und Medizinische Chemie, M\u00fcnster<br \/>Leibniz Universit\u00e4t Hannover, Institut f\u00fcr Lebensmittelchemie, Hannover<br \/>Martin-Luther-Universit\u00e4t Halle-Wittenberg, Halle an der Saale<br \/>Technische Hochschule Ingolstadt, Ingolstadt<br \/>Universit\u00e4t Bielefeld, Centrum f\u00fcr Biotechnologie, Bielefeld<br \/>Universit\u00e4t Hamburg, Biozentrum Klein Flottbek, Hamburg<br \/>Hochschule\u00a0 f\u00fcr Gesundheit, Bochum<\/p><h4>Archive und Bibliotheken<\/h4><p>Landschaftsverband Westfalen-Lippe, Aufl\u00f6sung Versorgungs\u00e4mter, 48143 M\u00fcnster<br \/>Umfang: 22.000 lfdm. Akten und Archivalien<br \/>Leistungszeit: Oktober 2007 &#8211; Januar 2008<\/p><p>Stadtteilbibliothek Meerbusch, 40670 Meerbusch<br \/>Umfang: 1.000 lfdm. B\u00fccher<br \/>Leistungszeit: September 2008<\/p><p>ALDI Immobilienverwaltung GmbH &amp; Co. KG, Hauptarchiv, 45699 Herten<br \/>Umfang: 2.400 lfdm. Akten und Archivalien<br \/>Leistungszeit: Januar 2009<\/p><p>Max-Planck-Institut, Naturwissenschaftliche Bibliothek, 04103 Leipzig<br \/>Umfang: 950 lfdm. B\u00fccher<br \/>Leistungszeit: Juni 2009<\/p><p>Martin-Luther-Universit\u00e4t, 06099 Halle an der Saale<br \/>Umfang: 7.000 lfdm. B\u00fccher zzgl. diverser Archivbest\u00e4nde<br \/>Leistungszeit: Juli 2009<\/p><p>Stadtbibliothek M\u00fclheim, 45468 M\u00fclheim an der Ruhr<br \/>Umfang: 4.000 lfdm. B\u00fccher<br \/>Leistungszeit: August 2009<\/p><p>Stadtwerke Essen, Archiv, 45128 Essen<br \/>Umfang: 1.250 lfdm. Akten und Archivalien<br \/>Leistungszeit: September 2009<\/p><p>Alanus Hochschule gGmbH, 53347 Alfter<br \/>Umfang: 1.000 lfdm. B\u00fccher<br \/>Leistungszeit: September 2009<\/p><p>Stadtbibliothek M\u00f6nchengladbach, 41050 M\u00f6nchengladbach<br \/>Umfang: 1.500 lfdm. B\u00fccher und Bibliotheksausstattung<br \/>Leistungszeit: Oktober 2009<\/p><p>Zentralbibliothek Hamm, 59065 Hamm<br \/>Umfang: 3.800 lfdm B\u00fccher &amp; Bibliotheksausstattung<br \/>Leistungszeit: Januar &#8211; Februar 2010<\/p><p>Stadtbibliothek Meerbusch B\u00fcderich, 40670 Meerbusch<br \/>Umfang: 950 lfdm. B\u00fccher<br \/>Leistungszeit: Juni 2010<\/p><p>Hochschule Magdeburg-Stendal, 39114 Magdeburg<br \/>Umfang: 1.950 lfdm. B\u00fccher<br \/>Leistungszeit: Februar 2011<\/p><p>Stadtwerke Essen AG, 45130 Essen<br \/>Umfang: 650 lfdm. Akten<br \/>Leistungszeit: April 2011<\/p><p>Hauptzollamt M\u00fcnster, 48155 M\u00fcnster<br \/>Umfang: 1.650 lfdm. Akten<br \/>Leistungszeit: M\u00e4rz\/April 2011<\/p><p>Bundesinstituts f\u00fcr Risikobewertung (BfR), 10589 Berlin<br \/>Umfang: 1.221 lfdm. Akten<br \/>Leistungszeit: Januar 2012<\/p><p>LWL-Museum f\u00fcr Kunst und Kultur, Westf\u00e4lisches Landesmuseum, 48143 M\u00fcnster<br \/>Umfang: 3.700 lfdm. B\u00fccher<br \/>Leistungszeit: Mai\/Juni 2013<\/p><p>GFKL Financial Services AG, 45712 Essen<br \/>Umfang: 29.000 lfdm. Akten<br \/>Leistungszeit: Mitte Juli 2013 bis Februar 2014<\/p><p>Fachhochschule Bielefeld, 33615 Bielefeld<br \/>Umfang: 2.524 lfdm Buch- und Zeitschriftenbest\u00e4nde<br \/>Leistungszeit: August 2015<\/p><p><strong>Referenzen:<br \/><\/strong>nach <a href=\"https:\/\/www.geuer.de\/en\/referenzen\/nach-leistungen\/\">Leistungen<\/a><br \/>nach <a href=\"https:\/\/www.geuer.de\/en\/referenzen\/nach-branchen\/\">Branchen<\/a><\/p>\t\t\t\t\t\t\t\t<\/div>\n\t\t\t\t<\/div>\n\t\t\t\t\t<\/div>\n\t\t<\/div>\n\t\t\t\t\t<\/div>\n\t\t<\/section>\n\t\t\t\t<\/div>\n\t\t","protected":false},"excerpt":{"rendered":"<p>References from A &#8211; Z. Laboratories, Companies and Administration. ALDI&nbsp;Immobilienverwaltung GmbH &amp; Co. KG, Herten ALDI EINKAUF GmbH &amp; Co. OHG,&nbsp;Essen Bundesinstitut f\u00fcr Risikobewertung, Berlin Commerzbank International,&nbsp;Luxemburg Finanz&nbsp;Informatik GmbH &amp; Co. KG, M\u00fcnster HOCHTIEF Solutions AG, D\u00fcsseldorf Immobilien&nbsp;Scout GmbH, Berlin Max-Planck-Institut&nbsp;f\u00fcr Sonnensystemforschung, G\u00f6ttingen Miele &amp; Cie. KG,&nbsp;G\u00fctersloh Ratiodata GmbH, M\u00fcnster &#8211; Duisburg Sparda-Bank M\u00fcnster&nbsp;eG Stadtwerke&nbsp;Essen [&hellip;]<\/p>\n","protected":false},"author":9,"featured_media":0,"parent":351,"menu_order":0,"comment_status":"closed","ping_status":"closed","template":"","meta":{"_acf_changed":false,"footnotes":""},"class_list":["post-3834","page","type-page","status-publish","hentry"],"acf":[],"yoast_head":"<!-- This site is optimized with the Yoast SEO plugin v27.4 - https:\/\/yoast.com\/product\/yoast-seo-wordpress\/ -->\n<title>References A-Z - Geuer<\/title>\n<meta name=\"robots\" content=\"index, follow, max-snippet:-1, max-image-preview:large, max-video-preview:-1\" \/>\n<link rel=\"canonical\" href=\"https:\/\/www.geuer.de\/en\/references\/referenzen-von-a-z\/\" \/>\n<meta property=\"og:locale\" content=\"en_US\" \/>\n<meta property=\"og:type\" content=\"article\" \/>\n<meta property=\"og:title\" content=\"References A-Z - Geuer\" \/>\n<meta property=\"og:description\" content=\"References from A &#8211; Z. Laboratories, Companies and Administration. ALDI&nbsp;Immobilienverwaltung GmbH &amp; Co. KG, Herten ALDI EINKAUF GmbH &amp; Co. OHG,&nbsp;Essen Bundesinstitut f\u00fcr Risikobewertung, Berlin Commerzbank International,&nbsp;Luxemburg Finanz&nbsp;Informatik GmbH &amp; Co. KG, M\u00fcnster HOCHTIEF Solutions AG, D\u00fcsseldorf Immobilien&nbsp;Scout GmbH, Berlin Max-Planck-Institut&nbsp;f\u00fcr Sonnensystemforschung, G\u00f6ttingen Miele &amp; Cie. KG,&nbsp;G\u00fctersloh Ratiodata GmbH, M\u00fcnster &#8211; Duisburg Sparda-Bank M\u00fcnster&nbsp;eG Stadtwerke&nbsp;Essen [&hellip;]\" \/>\n<meta property=\"og:url\" content=\"https:\/\/www.geuer.de\/en\/references\/referenzen-von-a-z\/\" \/>\n<meta property=\"og:site_name\" content=\"Geuer\" \/>\n<meta property=\"article:publisher\" content=\"https:\/\/www.facebook.com\/geuerinternational\/\" \/>\n<meta property=\"article:modified_time\" content=\"2021-08-20T11:44:01+00:00\" \/>\n<meta name=\"twitter:card\" content=\"summary_large_image\" \/>\n<script type=\"application\/ld+json\" class=\"yoast-schema-graph\">{\"@context\":\"https:\\\/\\\/schema.org\",\"@graph\":[{\"@type\":\"WebPage\",\"@id\":\"https:\\\/\\\/www.geuer.de\\\/en\\\/references\\\/referenzen-von-a-z\\\/\",\"url\":\"https:\\\/\\\/www.geuer.de\\\/en\\\/references\\\/referenzen-von-a-z\\\/\",\"name\":\"References A-Z - Geuer\",\"isPartOf\":{\"@id\":\"https:\\\/\\\/www.geuer.de\\\/#website\"},\"datePublished\":\"2016-06-23T08:55:37+00:00\",\"dateModified\":\"2021-08-20T11:44:01+00:00\",\"breadcrumb\":{\"@id\":\"https:\\\/\\\/www.geuer.de\\\/en\\\/references\\\/referenzen-von-a-z\\\/#breadcrumb\"},\"inLanguage\":\"en-US\",\"potentialAction\":[{\"@type\":\"ReadAction\",\"target\":[\"https:\\\/\\\/www.geuer.de\\\/en\\\/references\\\/referenzen-von-a-z\\\/\"]}]},{\"@type\":\"BreadcrumbList\",\"@id\":\"https:\\\/\\\/www.geuer.de\\\/en\\\/references\\\/referenzen-von-a-z\\\/#breadcrumb\",\"itemListElement\":[{\"@type\":\"ListItem\",\"position\":1,\"name\":\"Home\",\"item\":\"https:\\\/\\\/www.geuer.de\\\/en\\\/\"},{\"@type\":\"ListItem\",\"position\":2,\"name\":\"References\",\"item\":\"https:\\\/\\\/www.geuer.de\\\/en\\\/references\\\/\"},{\"@type\":\"ListItem\",\"position\":3,\"name\":\"References A-Z\"}]},{\"@type\":\"WebSite\",\"@id\":\"https:\\\/\\\/www.geuer.de\\\/#website\",\"url\":\"https:\\\/\\\/www.geuer.de\\\/\",\"name\":\"Geuer\",\"description\":\"Another WP Site\",\"publisher\":{\"@id\":\"https:\\\/\\\/www.geuer.de\\\/#organization\"},\"potentialAction\":[{\"@type\":\"SearchAction\",\"target\":{\"@type\":\"EntryPoint\",\"urlTemplate\":\"https:\\\/\\\/www.geuer.de\\\/?s={search_term_string}\"},\"query-input\":{\"@type\":\"PropertyValueSpecification\",\"valueRequired\":true,\"valueName\":\"search_term_string\"}}],\"inLanguage\":\"en-US\"},{\"@type\":\"Organization\",\"@id\":\"https:\\\/\\\/www.geuer.de\\\/#organization\",\"name\":\"Geuer\",\"url\":\"https:\\\/\\\/www.geuer.de\\\/\",\"logo\":{\"@type\":\"ImageObject\",\"inLanguage\":\"en-US\",\"@id\":\"https:\\\/\\\/www.geuer.de\\\/#\\\/schema\\\/logo\\\/image\\\/\",\"url\":\"https:\\\/\\\/www.geuer.de\\\/wp-content\\\/uploads\\\/2021\\\/05\\\/geuer.svg\",\"contentUrl\":\"https:\\\/\\\/www.geuer.de\\\/wp-content\\\/uploads\\\/2021\\\/05\\\/geuer.svg\",\"width\":425.72,\"height\":97.7,\"caption\":\"Geuer\"},\"image\":{\"@id\":\"https:\\\/\\\/www.geuer.de\\\/#\\\/schema\\\/logo\\\/image\\\/\"},\"sameAs\":[\"https:\\\/\\\/www.facebook.com\\\/geuerinternational\\\/\",\"https:\\\/\\\/www.instagram.com\\\/geuer_international\\\/?hl=de\",\"https:\\\/\\\/www.linkedin.com\\\/company\\\/geuer-international\\\/\",\"https:\\\/\\\/www.threads.net\\\/@geuer_international\"]}]}<\/script>\n<!-- \/ Yoast SEO plugin. -->","yoast_head_json":{"title":"References A-Z - Geuer","robots":{"index":"index","follow":"follow","max-snippet":"max-snippet:-1","max-image-preview":"max-image-preview:large","max-video-preview":"max-video-preview:-1"},"canonical":"https:\/\/www.geuer.de\/en\/references\/referenzen-von-a-z\/","og_locale":"en_US","og_type":"article","og_title":"References A-Z - Geuer","og_description":"References from A &#8211; Z. Laboratories, Companies and Administration. ALDI&nbsp;Immobilienverwaltung GmbH &amp; Co. KG, Herten ALDI EINKAUF GmbH &amp; Co. OHG,&nbsp;Essen Bundesinstitut f\u00fcr Risikobewertung, Berlin Commerzbank International,&nbsp;Luxemburg Finanz&nbsp;Informatik GmbH &amp; Co. KG, M\u00fcnster HOCHTIEF Solutions AG, D\u00fcsseldorf Immobilien&nbsp;Scout GmbH, Berlin Max-Planck-Institut&nbsp;f\u00fcr Sonnensystemforschung, G\u00f6ttingen Miele &amp; Cie. KG,&nbsp;G\u00fctersloh Ratiodata GmbH, M\u00fcnster &#8211; Duisburg Sparda-Bank M\u00fcnster&nbsp;eG Stadtwerke&nbsp;Essen [&hellip;]","og_url":"https:\/\/www.geuer.de\/en\/references\/referenzen-von-a-z\/","og_site_name":"Geuer","article_publisher":"https:\/\/www.facebook.com\/geuerinternational\/","article_modified_time":"2021-08-20T11:44:01+00:00","twitter_card":"summary_large_image","schema":{"@context":"https:\/\/schema.org","@graph":[{"@type":"WebPage","@id":"https:\/\/www.geuer.de\/en\/references\/referenzen-von-a-z\/","url":"https:\/\/www.geuer.de\/en\/references\/referenzen-von-a-z\/","name":"References A-Z - Geuer","isPartOf":{"@id":"https:\/\/www.geuer.de\/#website"},"datePublished":"2016-06-23T08:55:37+00:00","dateModified":"2021-08-20T11:44:01+00:00","breadcrumb":{"@id":"https:\/\/www.geuer.de\/en\/references\/referenzen-von-a-z\/#breadcrumb"},"inLanguage":"en-US","potentialAction":[{"@type":"ReadAction","target":["https:\/\/www.geuer.de\/en\/references\/referenzen-von-a-z\/"]}]},{"@type":"BreadcrumbList","@id":"https:\/\/www.geuer.de\/en\/references\/referenzen-von-a-z\/#breadcrumb","itemListElement":[{"@type":"ListItem","position":1,"name":"Home","item":"https:\/\/www.geuer.de\/en\/"},{"@type":"ListItem","position":2,"name":"References","item":"https:\/\/www.geuer.de\/en\/references\/"},{"@type":"ListItem","position":3,"name":"References A-Z"}]},{"@type":"WebSite","@id":"https:\/\/www.geuer.de\/#website","url":"https:\/\/www.geuer.de\/","name":"Geuer","description":"Another WP Site","publisher":{"@id":"https:\/\/www.geuer.de\/#organization"},"potentialAction":[{"@type":"SearchAction","target":{"@type":"EntryPoint","urlTemplate":"https:\/\/www.geuer.de\/?s={search_term_string}"},"query-input":{"@type":"PropertyValueSpecification","valueRequired":true,"valueName":"search_term_string"}}],"inLanguage":"en-US"},{"@type":"Organization","@id":"https:\/\/www.geuer.de\/#organization","name":"Geuer","url":"https:\/\/www.geuer.de\/","logo":{"@type":"ImageObject","inLanguage":"en-US","@id":"https:\/\/www.geuer.de\/#\/schema\/logo\/image\/","url":"https:\/\/www.geuer.de\/wp-content\/uploads\/2021\/05\/geuer.svg","contentUrl":"https:\/\/www.geuer.de\/wp-content\/uploads\/2021\/05\/geuer.svg","width":425.72,"height":97.7,"caption":"Geuer"},"image":{"@id":"https:\/\/www.geuer.de\/#\/schema\/logo\/image\/"},"sameAs":["https:\/\/www.facebook.com\/geuerinternational\/","https:\/\/www.instagram.com\/geuer_international\/?hl=de","https:\/\/www.linkedin.com\/company\/geuer-international\/","https:\/\/www.threads.net\/@geuer_international"]}]}},"_links":{"self":[{"href":"https:\/\/www.geuer.de\/en\/wp-json\/wp\/v2\/pages\/3834","targetHints":{"allow":["GET"]}}],"collection":[{"href":"https:\/\/www.geuer.de\/en\/wp-json\/wp\/v2\/pages"}],"about":[{"href":"https:\/\/www.geuer.de\/en\/wp-json\/wp\/v2\/types\/page"}],"author":[{"embeddable":true,"href":"https:\/\/www.geuer.de\/en\/wp-json\/wp\/v2\/users\/9"}],"replies":[{"embeddable":true,"href":"https:\/\/www.geuer.de\/en\/wp-json\/wp\/v2\/comments?post=3834"}],"version-history":[{"count":0,"href":"https:\/\/www.geuer.de\/en\/wp-json\/wp\/v2\/pages\/3834\/revisions"}],"up":[{"embeddable":true,"href":"https:\/\/www.geuer.de\/en\/wp-json\/wp\/v2\/pages\/351"}],"wp:attachment":[{"href":"https:\/\/www.geuer.de\/en\/wp-json\/wp\/v2\/media?parent=3834"}],"curies":[{"name":"wp","href":"https:\/\/api.w.org\/{rel}","templated":true}]}}