{"id":3541,"date":"2016-05-20T11:43:53","date_gmt":"2016-05-20T09:43:53","guid":{"rendered":"http:\/\/www.geuer.de\/en\/?page_id=3541"},"modified":"2021-08-23T21:50:09","modified_gmt":"2021-08-23T19:50:09","slug":"careers","status":"publish","type":"page","link":"https:\/\/www.geuer.de\/en\/about-geuer\/careers\/","title":{"rendered":"Careers"},"content":{"rendered":"\t\t<div data-elementor-type=\"wp-page\" data-elementor-id=\"3541\" class=\"elementor elementor-3541 elementor-14\" data-elementor-post-type=\"page\">\n\t\t\t\t\t\t<section class=\"elementor-section elementor-top-section elementor-element elementor-element-24aa848 elementor-section-full_width elementor-section-stretched elementor-section-height-default elementor-section-height-default\" data-id=\"24aa848\" data-element_type=\"section\" data-e-type=\"section\" data-settings=\"{&quot;stretch_section&quot;:&quot;section-stretched&quot;,&quot;jet_parallax_layout_list&quot;:[{&quot;jet_parallax_layout_image&quot;:{&quot;url&quot;:&quot;&quot;,&quot;id&quot;:&quot;&quot;,&quot;size&quot;:&quot;&quot;},&quot;_id&quot;:&quot;90be0fe&quot;,&quot;jet_parallax_layout_image_tablet&quot;:{&quot;url&quot;:&quot;&quot;,&quot;id&quot;:&quot;&quot;,&quot;size&quot;:&quot;&quot;},&quot;jet_parallax_layout_image_mobile&quot;:{&quot;url&quot;:&quot;&quot;,&quot;id&quot;:&quot;&quot;,&quot;size&quot;:&quot;&quot;},&quot;jet_parallax_layout_speed&quot;:{&quot;unit&quot;:&quot;%&quot;,&quot;size&quot;:50,&quot;sizes&quot;:[]},&quot;jet_parallax_layout_type&quot;:&quot;scroll&quot;,&quot;jet_parallax_layout_direction&quot;:&quot;1&quot;,&quot;jet_parallax_layout_fx_direction&quot;:null,&quot;jet_parallax_layout_z_index&quot;:&quot;&quot;,&quot;jet_parallax_layout_bg_x&quot;:50,&quot;jet_parallax_layout_bg_x_tablet&quot;:&quot;&quot;,&quot;jet_parallax_layout_bg_x_mobile&quot;:&quot;&quot;,&quot;jet_parallax_layout_bg_y&quot;:50,&quot;jet_parallax_layout_bg_y_tablet&quot;:&quot;&quot;,&quot;jet_parallax_layout_bg_y_mobile&quot;:&quot;&quot;,&quot;jet_parallax_layout_bg_size&quot;:&quot;auto&quot;,&quot;jet_parallax_layout_bg_size_tablet&quot;:&quot;&quot;,&quot;jet_parallax_layout_bg_size_mobile&quot;:&quot;&quot;,&quot;jet_parallax_layout_animation_prop&quot;:&quot;transform&quot;,&quot;jet_parallax_layout_on&quot;:[&quot;desktop&quot;,&quot;tablet&quot;]}]}\">\n\t\t\t\t\t\t<div class=\"elementor-container elementor-column-gap-no\">\n\t\t\t\t\t<div class=\"elementor-column elementor-col-100 elementor-top-column elementor-element elementor-element-1d6aa67\" data-id=\"1d6aa67\" data-element_type=\"column\" data-e-type=\"column\">\n\t\t\t<div class=\"elementor-widget-wrap elementor-element-populated\">\n\t\t\t\t\t\t<div class=\"elementor-element elementor-element-24912a3 elementor-widget elementor-widget-shortcode\" data-id=\"24912a3\" data-element_type=\"widget\" data-e-type=\"widget\" data-widget_type=\"shortcode.default\">\n\t\t\t\t<div class=\"elementor-widget-container\">\n\t\t\t\t\t\n\t\t\t<!-- START Folgeseiten Slider REVOLUTION SLIDER 6.7.34 --><p class=\"rs-p-wp-fix\"><\/p>\n\t\t\t<rs-module-wrap id=\"rev_slider_2_1_wrapper\" data-source=\"gallery\" style=\"visibility:hidden;background:transparent;padding:0;margin:0px auto;margin-top:0;margin-bottom:0;\">\n\t\t\t\t<rs-module id=\"rev_slider_2_1\" style=\"\" data-version=\"6.7.34\">\n\t\t\t\t\t<rs-slides style=\"overflow: hidden; position: absolute;\">\n\t\t\t\t\t\t<rs-slide style=\"position: absolute;\" data-key=\"rs-5\" data-title=\"Slide\" data-anim=\"adpr:false;\">\n\t\t\t\t\t\t\t<img decoding=\"async\" src=\"\/\/www.geuer.de\/wp-content\/plugins\/revslider\/sr6\/assets\/assets\/dummy.png\" alt=\"\" title=\"Careers\" class=\"rev-slidebg tp-rs-img rs-lazyload\" data-lazyload=\"\/\/www.geuer.de\/wp-content\/uploads\/2015\/12\/74A2338.jpg\" data-no-retina>\n<!---->\t\t\t\t\t<\/rs-slide>\n\t\t\t\t\t<\/rs-slides>\n\t\t\t\t<\/rs-module>\n\t\t\t\t<script>\n\t\t\t\t\tsetREVStartSize({c: 'rev_slider_2_1',rl:[1240,1024,778,480],el:[],gw:[1240,1024,778,480],gh:[390,275,390,150],type:'standard',justify:'',layout:'fullwidth',mh:\"0\"});if (window.RS_MODULES!==undefined && window.RS_MODULES.modules!==undefined && window.RS_MODULES.modules[\"revslider21\"]!==undefined) {window.RS_MODULES.modules[\"revslider21\"].once = false;window.revapi2 = undefined;if (window.RS_MODULES.checkMinimal!==undefined) window.RS_MODULES.checkMinimal()}\n\t\t\t\t<\/script>\n\t\t\t<\/rs-module-wrap>\n\t\t\t<!-- END REVOLUTION SLIDER -->\n\t\t<div class=\"elementor-shortcode\"><\/div>\n\t\t\t\t\t\t<\/div>\n\t\t\t\t<\/div>\n\t\t\t\t<div class=\"elementor-element elementor-element-7341575 geuer-blue  elementor-widget elementor-widget-heading\" data-id=\"7341575\" data-element_type=\"widget\" data-e-type=\"widget\" data-widget_type=\"heading.default\">\n\t\t\t\t<div class=\"elementor-widget-container\">\n\t\t\t\t\t<h1 class=\"elementor-heading-title elementor-size-default\">Your career at Geuer International<\/h1>\t\t\t\t<\/div>\n\t\t\t\t<\/div>\n\t\t\t\t<div class=\"elementor-element elementor-element-96088c3 elementor-widget elementor-widget-heading\" data-id=\"96088c3\" data-element_type=\"widget\" data-e-type=\"widget\" data-widget_type=\"heading.default\">\n\t\t\t\t<div class=\"elementor-widget-container\">\n\t\t\t\t\t<h2 class=\"elementor-heading-title elementor-size-default\">Go your way with Geuer<\/h2>\t\t\t\t<\/div>\n\t\t\t\t<\/div>\n\t\t\t\t<div class=\"elementor-element elementor-element-fc584ed elementor-widget elementor-widget-text-editor\" data-id=\"fc584ed\" data-element_type=\"widget\" data-e-type=\"widget\" data-widget_type=\"text-editor.default\">\n\t\t\t\t<div class=\"elementor-widget-container\">\n\t\t\t\t\t\t\t\t\t<p>As a healthy, growing, medium-sized company, we consider the satisfaction of our employees to be an important component of our success. Whether training, job offers, internships, dual studies &#8211; we want to retain good employees with loyalty and fairness. We see the responsibility for this absolutely in our mutual interest.<\/p>\t\t\t\t\t\t\t\t<\/div>\n\t\t\t\t<\/div>\n\t\t\t\t<div class=\"elementor-element elementor-element-72bc5d2 elementor-widget elementor-widget-heading\" data-id=\"72bc5d2\" data-element_type=\"widget\" data-e-type=\"widget\" data-widget_type=\"heading.default\">\n\t\t\t\t<div class=\"elementor-widget-container\">\n\t\t\t\t\t<h2 class=\"elementor-heading-title elementor-size-default\">We offer good training<\/h2>\t\t\t\t<\/div>\n\t\t\t\t<\/div>\n\t\t\t\t<div class=\"elementor-element elementor-element-ad86706 elementor-widget elementor-widget-text-editor\" data-id=\"ad86706\" data-element_type=\"widget\" data-e-type=\"widget\" data-widget_type=\"text-editor.default\">\n\t\t\t\t<div class=\"elementor-widget-container\">\n\t\t\t\t\t\t\t\t\t<p>To ensure the quality of our services also for the future is a special concern of GEUER INTERNATIONAL GmbH. In a constantly growing company, we offer you the best conditions to settle in and develop in the professional world.<\/p><p>Our trainees have been awarded several times as best of the year by the Verband Verkehrswirtschaft und Logistik NRW, the IHK Nord Westfalen and the AM\u00d6 e.V.. As a rule, there are always about 15 trainees employed in our company.<\/p>\t\t\t\t\t\t\t\t<\/div>\n\t\t\t\t<\/div>\n\t\t\t\t<div class=\"elementor-element elementor-element-b288ade elementor-widget elementor-widget-image\" data-id=\"b288ade\" data-element_type=\"widget\" data-e-type=\"widget\" data-widget_type=\"image.default\">\n\t\t\t\t<div class=\"elementor-widget-container\">\n\t\t\t\t\t\t\t\t\t\t\t\t\t\t\t<img fetchpriority=\"high\" decoding=\"async\" width=\"800\" height=\"534\" src=\"https:\/\/www.geuer.de\/wp-content\/uploads\/2020\/09\/Ausbildung-Mu\u0308nster-1024x683.jpg\" class=\"attachment-large size-large wp-image-6990\" alt=\"Ausbildung Mu\u0308nster Jobanzeige\" srcset=\"https:\/\/www.geuer.de\/wp-content\/uploads\/2020\/09\/Ausbildung-Mu\u0308nster-1024x683.jpg 1024w, https:\/\/www.geuer.de\/wp-content\/uploads\/2020\/09\/Ausbildung-Mu\u0308nster-300x200.jpg 300w, https:\/\/www.geuer.de\/wp-content\/uploads\/2020\/09\/Ausbildung-Mu\u0308nster-768x512.jpg 768w, https:\/\/www.geuer.de\/wp-content\/uploads\/2020\/09\/Ausbildung-Mu\u0308nster.jpg 1363w\" sizes=\"(max-width: 800px) 100vw, 800px\" \/>\t\t\t\t\t\t\t\t\t\t\t\t\t\t\t<\/div>\n\t\t\t\t<\/div>\n\t\t\t\t\t<\/div>\n\t\t<\/div>\n\t\t\t\t\t<\/div>\n\t\t<\/section>\n\t\t\t\t<section class=\"elementor-section elementor-top-section elementor-element elementor-element-17ddc0ba elementor-section-boxed elementor-section-height-default elementor-section-height-default\" data-id=\"17ddc0ba\" data-element_type=\"section\" data-e-type=\"section\" data-settings=\"{&quot;jet_parallax_layout_list&quot;:[{&quot;jet_parallax_layout_image&quot;:{&quot;url&quot;:&quot;&quot;,&quot;id&quot;:&quot;&quot;,&quot;size&quot;:&quot;&quot;},&quot;_id&quot;:&quot;cd986ec&quot;,&quot;jet_parallax_layout_image_tablet&quot;:{&quot;url&quot;:&quot;&quot;,&quot;id&quot;:&quot;&quot;,&quot;size&quot;:&quot;&quot;},&quot;jet_parallax_layout_image_mobile&quot;:{&quot;url&quot;:&quot;&quot;,&quot;id&quot;:&quot;&quot;,&quot;size&quot;:&quot;&quot;},&quot;jet_parallax_layout_speed&quot;:{&quot;unit&quot;:&quot;%&quot;,&quot;size&quot;:50,&quot;sizes&quot;:[]},&quot;jet_parallax_layout_type&quot;:&quot;scroll&quot;,&quot;jet_parallax_layout_direction&quot;:&quot;1&quot;,&quot;jet_parallax_layout_fx_direction&quot;:null,&quot;jet_parallax_layout_z_index&quot;:&quot;&quot;,&quot;jet_parallax_layout_bg_x&quot;:50,&quot;jet_parallax_layout_bg_x_tablet&quot;:&quot;&quot;,&quot;jet_parallax_layout_bg_x_mobile&quot;:&quot;&quot;,&quot;jet_parallax_layout_bg_y&quot;:50,&quot;jet_parallax_layout_bg_y_tablet&quot;:&quot;&quot;,&quot;jet_parallax_layout_bg_y_mobile&quot;:&quot;&quot;,&quot;jet_parallax_layout_bg_size&quot;:&quot;auto&quot;,&quot;jet_parallax_layout_bg_size_tablet&quot;:&quot;&quot;,&quot;jet_parallax_layout_bg_size_mobile&quot;:&quot;&quot;,&quot;jet_parallax_layout_animation_prop&quot;:&quot;transform&quot;,&quot;jet_parallax_layout_on&quot;:[&quot;desktop&quot;,&quot;tablet&quot;]}]}\">\n\t\t\t\t\t\t<div class=\"elementor-container elementor-column-gap-default\">\n\t\t\t\t\t<div class=\"elementor-column elementor-col-100 elementor-top-column elementor-element elementor-element-5c4a59a0\" data-id=\"5c4a59a0\" data-element_type=\"column\" data-e-type=\"column\">\n\t\t\t<div class=\"elementor-widget-wrap elementor-element-populated\">\n\t\t\t\t\t\t<div class=\"elementor-element elementor-element-2bf466cf elementor-widget elementor-widget-text-editor\" data-id=\"2bf466cf\" data-element_type=\"widget\" data-e-type=\"widget\" data-widget_type=\"text-editor.default\">\n\t\t\t\t<div class=\"elementor-widget-container\">\n\t\t\t\t\t\t\t\t\t<p> <div class=\"brlbs-cmpnt-container brlbs-cmpnt-content-blocker brlbs-cmpnt-with-individual-styles\" data-borlabs-cookie-content-blocker-id=\"youtube-content-blocker\" data-borlabs-cookie-content=\"PGlmcmFtZSBzcmM9Imh0dHBzOi8vd3d3LnlvdXR1YmUtbm9jb29raWUuY29tL2VtYmVkL05tQkxKbnUwdFB3IiB3aWR0aD0iNTYwIiBoZWlnaHQ9IjMxNSIgZnJhbWVib3JkZXI9IjAiIGFsbG93ZnVsbHNjcmVlbj0iYWxsb3dmdWxsc2NyZWVuIj48L2lmcmFtZT4=\"><div class=\"brlbs-cmpnt-cb-preset-c brlbs-cmpnt-cb-youtube\"> <div class=\"brlbs-cmpnt-cb-thumbnail\" style=\"background-image: url('https:\/\/www.geuer.de\/wp-content\/uploads\/borlabs-cookie\/1\/yt_NmBLJnu0tPw_hqdefault.jpg')\"><\/div> <div class=\"brlbs-cmpnt-cb-main\"> <div class=\"brlbs-cmpnt-cb-play-button\"><\/div> <div class=\"brlbs-cmpnt-cb-content\"> <p class=\"brlbs-cmpnt-cb-description\">You are currently viewing a placeholder content from <strong>YouTube<\/strong>. To access the actual content, click the button below. Please note that doing so will share data with third-party providers.<\/p> <a class=\"brlbs-cmpnt-cb-provider-toggle\" href=\"#\" data-borlabs-cookie-show-provider-information role=\"button\">More Information<\/a> <\/div> <div class=\"brlbs-cmpnt-cb-buttons\"> <a class=\"brlbs-cmpnt-cb-btn\" href=\"#\" data-borlabs-cookie-unblock role=\"button\">Unblock content<\/a> <a class=\"brlbs-cmpnt-cb-btn\" href=\"#\" data-borlabs-cookie-accept-service role=\"button\" style=\"display: inherit\">Accept required service and unblock content<\/a> <\/div> <\/div> <\/div><\/div><\/p><h4>\u00a0<\/h4><h4 style=\"text-align: center;\">We are hiring.<\/h4><p style=\"text-align: center;\">Below you will find a list of apprenticeships in our company. In addition, we are always looking for motivated personnel. No matter whether in the commercial or industrial area. Please feel free to contact us.<\/p><div style=\"text-align: center;\">\u00a0<\/div><p style=\"text-align: center;\"><strong><span style=\"color: #248080;\"><a style=\"color: #248080;\" href=\"https:\/\/www.geuer.de\/en\/ueber-geuer\/karriere\/fachkraft-fuer-moebel-kuechen-und-umzugsservice-fmku\/\">Ausbildung als Fachkraft f\u00fcr M\u00f6bel-, K\u00fcchen- und Umzugsservice (m,w,d)<\/a><\/span><\/strong><\/p><p style=\"text-align: center;\"><strong><span style=\"color: #248080;\"><a style=\"color: #248080;\" href=\"https:\/\/www.geuer.de\/en\/ueber-geuer\/karriere\/fachkraft-fuer-lagerlogistik\/\">Ausbildung als Fachkraft f\u00fcr Lagerlogistik (m,w,d)<\/a><\/span><\/strong><\/p><p style=\"text-align: center;\"><strong><span style=\"color: #248080;\"><a style=\"color: #248080;\" href=\"https:\/\/www.geuer.de\/en\/ueber-geuer\/karriere\/berufskraftfahrer-in-mwd\/\">Ausbildung als Berufskraftfahrer\/in (m,w,d)<\/a><\/span><\/strong><\/p><p style=\"text-align: center;\"><strong><span style=\"color: #248080;\"><a style=\"color: #248080;\" href=\"https:\/\/www.geuer.de\/en\/ueber-geuer\/karriere\/berufskraftfahrer-in\/\" target=\"_blank\" rel=\"noopener noreferrer\">Berufskraftfahrer\/-in<\/a><\/span><\/strong><\/p><p style=\"text-align: center;\"><strong><span style=\"color: #248080;\">Ausbildung als Kauffrau\/-mann f\u00fcr Spedition und Logistikdienstleistungen (m,w,d)<\/span><\/strong><\/p><p style=\"text-align: center;\"><strong><span style=\"color: #248080;\">Ausbildung als Kauffrau\/-mann f\u00fcr B\u00fcromanagement (m,w,d)<\/span><\/strong><\/p><p style=\"text-align: center;\"><strong><span style=\"color: #248080;\"><a style=\"color: #248080;\" href=\"https:\/\/www.geuer.de\/en\/ueber-geuer\/karriere\/ausbildung-als-kauffrau-mann-fuer-bueromanagement-mwd\/\" target=\"_blank\" rel=\"noopener noreferrer\">Industriemechaniker\/in<\/a><\/span><\/strong><\/p><p style=\"text-align: center;\"><strong><span style=\"color: #248080;\">Servicekr\u00e4fte f\u00fcr Umz\u00fcge<\/span><\/strong><\/p><p>Mail applications and inquiries to:<\/p><p>MichaelSchepers@Geuer.de<\/p><p>We are always looking for moving helpers. Please contact Mr. Schepers at short notice under the following telephone number<\/p><p>Tel: <a href=\"tel:+492536331622\">02536331622<\/a><\/p>\t\t\t\t\t\t\t\t<\/div>\n\t\t\t\t<\/div>\n\t\t\t\t\t<\/div>\n\t\t<\/div>\n\t\t\t\t\t<\/div>\n\t\t<\/section>\n\t\t\t\t<\/div>\n\t\t","protected":false},"excerpt":{"rendered":"<p>Your career at Geuer International Go your way with Geuer As a healthy, growing, medium-sized company, we consider the satisfaction of our employees to be an important component of our success. Whether training, job offers, internships, dual studies &#8211; we want to retain good employees with loyalty and fairness. We see the responsibility for this [&hellip;]<\/p>\n","protected":false},"author":5,"featured_media":0,"parent":3516,"menu_order":3,"comment_status":"closed","ping_status":"closed","template":"","meta":{"_acf_changed":false,"footnotes":""},"class_list":["post-3541","page","type-page","status-publish","hentry"],"acf":[],"yoast_head":"<!-- This site is optimized with the Yoast SEO plugin v27.3 - https:\/\/yoast.com\/product\/yoast-seo-wordpress\/ -->\n<title>Careers - Geuer<\/title>\n<meta name=\"robots\" content=\"index, follow, max-snippet:-1, max-image-preview:large, max-video-preview:-1\" \/>\n<link rel=\"canonical\" href=\"https:\/\/www.geuer.de\/en\/about-geuer\/careers\/\" \/>\n<meta property=\"og:locale\" content=\"en_US\" \/>\n<meta property=\"og:type\" content=\"article\" \/>\n<meta property=\"og:title\" content=\"Careers - Geuer\" \/>\n<meta property=\"og:description\" content=\"Your career at Geuer International Go your way with Geuer As a healthy, growing, medium-sized company, we consider the satisfaction of our employees to be an important component of our success. Whether training, job offers, internships, dual studies &#8211; we want to retain good employees with loyalty and fairness. We see the responsibility for this [&hellip;]\" \/>\n<meta property=\"og:url\" content=\"https:\/\/www.geuer.de\/en\/about-geuer\/careers\/\" \/>\n<meta property=\"og:site_name\" content=\"Geuer\" \/>\n<meta property=\"article:publisher\" content=\"https:\/\/www.facebook.com\/geuerinternational\/\" \/>\n<meta property=\"article:modified_time\" content=\"2021-08-23T19:50:09+00:00\" \/>\n<meta property=\"og:image\" content=\"https:\/\/www.geuer.de\/wp-content\/uploads\/2020\/09\/Ausbildung-Mu\u0308nster-1024x683.jpg\" \/>\n<meta name=\"twitter:card\" content=\"summary_large_image\" \/>\n<script type=\"application\/ld+json\" class=\"yoast-schema-graph\">{\"@context\":\"https:\\\/\\\/schema.org\",\"@graph\":[{\"@type\":\"WebPage\",\"@id\":\"https:\\\/\\\/www.geuer.de\\\/en\\\/about-geuer\\\/careers\\\/\",\"url\":\"https:\\\/\\\/www.geuer.de\\\/en\\\/about-geuer\\\/careers\\\/\",\"name\":\"Careers - Geuer\",\"isPartOf\":{\"@id\":\"https:\\\/\\\/www.geuer.de\\\/#website\"},\"datePublished\":\"2016-05-20T09:43:53+00:00\",\"dateModified\":\"2021-08-23T19:50:09+00:00\",\"breadcrumb\":{\"@id\":\"https:\\\/\\\/www.geuer.de\\\/en\\\/about-geuer\\\/careers\\\/#breadcrumb\"},\"inLanguage\":\"en-US\",\"potentialAction\":[{\"@type\":\"ReadAction\",\"target\":[\"https:\\\/\\\/www.geuer.de\\\/en\\\/about-geuer\\\/careers\\\/\"]}]},{\"@type\":\"BreadcrumbList\",\"@id\":\"https:\\\/\\\/www.geuer.de\\\/en\\\/about-geuer\\\/careers\\\/#breadcrumb\",\"itemListElement\":[{\"@type\":\"ListItem\",\"position\":1,\"name\":\"Home\",\"item\":\"https:\\\/\\\/www.geuer.de\\\/en\\\/\"},{\"@type\":\"ListItem\",\"position\":2,\"name\":\"About Geuer\",\"item\":\"https:\\\/\\\/www.geuer.de\\\/en\\\/about-geuer\\\/\"},{\"@type\":\"ListItem\",\"position\":3,\"name\":\"Careers\"}]},{\"@type\":\"WebSite\",\"@id\":\"https:\\\/\\\/www.geuer.de\\\/#website\",\"url\":\"https:\\\/\\\/www.geuer.de\\\/\",\"name\":\"Geuer\",\"description\":\"Another WP Site\",\"publisher\":{\"@id\":\"https:\\\/\\\/www.geuer.de\\\/#organization\"},\"potentialAction\":[{\"@type\":\"SearchAction\",\"target\":{\"@type\":\"EntryPoint\",\"urlTemplate\":\"https:\\\/\\\/www.geuer.de\\\/?s={search_term_string}\"},\"query-input\":{\"@type\":\"PropertyValueSpecification\",\"valueRequired\":true,\"valueName\":\"search_term_string\"}}],\"inLanguage\":\"en-US\"},{\"@type\":\"Organization\",\"@id\":\"https:\\\/\\\/www.geuer.de\\\/#organization\",\"name\":\"Geuer\",\"url\":\"https:\\\/\\\/www.geuer.de\\\/\",\"logo\":{\"@type\":\"ImageObject\",\"inLanguage\":\"en-US\",\"@id\":\"https:\\\/\\\/www.geuer.de\\\/#\\\/schema\\\/logo\\\/image\\\/\",\"url\":\"https:\\\/\\\/www.geuer.de\\\/wp-content\\\/uploads\\\/2021\\\/05\\\/geuer.svg\",\"contentUrl\":\"https:\\\/\\\/www.geuer.de\\\/wp-content\\\/uploads\\\/2021\\\/05\\\/geuer.svg\",\"width\":425.72,\"height\":97.7,\"caption\":\"Geuer\"},\"image\":{\"@id\":\"https:\\\/\\\/www.geuer.de\\\/#\\\/schema\\\/logo\\\/image\\\/\"},\"sameAs\":[\"https:\\\/\\\/www.facebook.com\\\/geuerinternational\\\/\",\"https:\\\/\\\/www.instagram.com\\\/geuer_international\\\/?hl=de\",\"https:\\\/\\\/www.linkedin.com\\\/company\\\/geuer-international\\\/\",\"https:\\\/\\\/www.threads.net\\\/@geuer_international\"]}]}<\/script>\n<!-- \/ Yoast SEO plugin. -->","yoast_head_json":{"title":"Careers - Geuer","robots":{"index":"index","follow":"follow","max-snippet":"max-snippet:-1","max-image-preview":"max-image-preview:large","max-video-preview":"max-video-preview:-1"},"canonical":"https:\/\/www.geuer.de\/en\/about-geuer\/careers\/","og_locale":"en_US","og_type":"article","og_title":"Careers - Geuer","og_description":"Your career at Geuer International Go your way with Geuer As a healthy, growing, medium-sized company, we consider the satisfaction of our employees to be an important component of our success. Whether training, job offers, internships, dual studies &#8211; we want to retain good employees with loyalty and fairness. We see the responsibility for this [&hellip;]","og_url":"https:\/\/www.geuer.de\/en\/about-geuer\/careers\/","og_site_name":"Geuer","article_publisher":"https:\/\/www.facebook.com\/geuerinternational\/","article_modified_time":"2021-08-23T19:50:09+00:00","og_image":[{"url":"https:\/\/www.geuer.de\/wp-content\/uploads\/2020\/09\/Ausbildung-Mu\u0308nster-1024x683.jpg","type":"","width":"","height":""}],"twitter_card":"summary_large_image","schema":{"@context":"https:\/\/schema.org","@graph":[{"@type":"WebPage","@id":"https:\/\/www.geuer.de\/en\/about-geuer\/careers\/","url":"https:\/\/www.geuer.de\/en\/about-geuer\/careers\/","name":"Careers - Geuer","isPartOf":{"@id":"https:\/\/www.geuer.de\/#website"},"datePublished":"2016-05-20T09:43:53+00:00","dateModified":"2021-08-23T19:50:09+00:00","breadcrumb":{"@id":"https:\/\/www.geuer.de\/en\/about-geuer\/careers\/#breadcrumb"},"inLanguage":"en-US","potentialAction":[{"@type":"ReadAction","target":["https:\/\/www.geuer.de\/en\/about-geuer\/careers\/"]}]},{"@type":"BreadcrumbList","@id":"https:\/\/www.geuer.de\/en\/about-geuer\/careers\/#breadcrumb","itemListElement":[{"@type":"ListItem","position":1,"name":"Home","item":"https:\/\/www.geuer.de\/en\/"},{"@type":"ListItem","position":2,"name":"About Geuer","item":"https:\/\/www.geuer.de\/en\/about-geuer\/"},{"@type":"ListItem","position":3,"name":"Careers"}]},{"@type":"WebSite","@id":"https:\/\/www.geuer.de\/#website","url":"https:\/\/www.geuer.de\/","name":"Geuer","description":"Another WP Site","publisher":{"@id":"https:\/\/www.geuer.de\/#organization"},"potentialAction":[{"@type":"SearchAction","target":{"@type":"EntryPoint","urlTemplate":"https:\/\/www.geuer.de\/?s={search_term_string}"},"query-input":{"@type":"PropertyValueSpecification","valueRequired":true,"valueName":"search_term_string"}}],"inLanguage":"en-US"},{"@type":"Organization","@id":"https:\/\/www.geuer.de\/#organization","name":"Geuer","url":"https:\/\/www.geuer.de\/","logo":{"@type":"ImageObject","inLanguage":"en-US","@id":"https:\/\/www.geuer.de\/#\/schema\/logo\/image\/","url":"https:\/\/www.geuer.de\/wp-content\/uploads\/2021\/05\/geuer.svg","contentUrl":"https:\/\/www.geuer.de\/wp-content\/uploads\/2021\/05\/geuer.svg","width":425.72,"height":97.7,"caption":"Geuer"},"image":{"@id":"https:\/\/www.geuer.de\/#\/schema\/logo\/image\/"},"sameAs":["https:\/\/www.facebook.com\/geuerinternational\/","https:\/\/www.instagram.com\/geuer_international\/?hl=de","https:\/\/www.linkedin.com\/company\/geuer-international\/","https:\/\/www.threads.net\/@geuer_international"]}]}},"_links":{"self":[{"href":"https:\/\/www.geuer.de\/en\/wp-json\/wp\/v2\/pages\/3541","targetHints":{"allow":["GET"]}}],"collection":[{"href":"https:\/\/www.geuer.de\/en\/wp-json\/wp\/v2\/pages"}],"about":[{"href":"https:\/\/www.geuer.de\/en\/wp-json\/wp\/v2\/types\/page"}],"author":[{"embeddable":true,"href":"https:\/\/www.geuer.de\/en\/wp-json\/wp\/v2\/users\/5"}],"replies":[{"embeddable":true,"href":"https:\/\/www.geuer.de\/en\/wp-json\/wp\/v2\/comments?post=3541"}],"version-history":[{"count":0,"href":"https:\/\/www.geuer.de\/en\/wp-json\/wp\/v2\/pages\/3541\/revisions"}],"up":[{"embeddable":true,"href":"https:\/\/www.geuer.de\/en\/wp-json\/wp\/v2\/pages\/3516"}],"wp:attachment":[{"href":"https:\/\/www.geuer.de\/en\/wp-json\/wp\/v2\/media?parent=3541"}],"curies":[{"name":"wp","href":"https:\/\/api.w.org\/{rel}","templated":true}]}}